{"id":11,"date":"2022-07-14T05:29:39","date_gmt":"2022-07-14T05:29:39","guid":{"rendered":"https:\/\/segurodeaviones.mx\/seguros-de-aviacion\/?page_id=11"},"modified":"2023-07-19T06:50:11","modified_gmt":"2023-07-19T06:50:11","slug":"quienes-somos","status":"publish","type":"page","link":"https:\/\/segurodeaviones.mx\/seguros-de-aviacion\/quienes-somos\/","title":{"rendered":"\u00bfQui\u00e9nes Somos?"},"content":{"rendered":"<p>Somos un Agente de Seguros y de Fianzas de capital 100% mexicano, autorizado por la Comisi\u00f3n Nacional de Seguros y Fianzas bajo la raz\u00f3n social, Proventum, Agente de Seguros y de Fianzas, S.A. de C.V.<\/p>\n<p>Nuestra relaci\u00f3n con el p\u00fablico en general en cuanto a la intermediaci\u00f3n de productos de Seguros y de Fianzas se refiere, est\u00e1 regulada en la Ley sobre el Contrato de Seguro, La Ley de instituciones de Seguros y de Fianzas, la Circular \u00danica de Seguros y Fianzas y el reglamento de Agentes de Seguros y de Fianzas.<\/p>\n<p><strong>NUESTRA MISION:<\/strong> Contribuimos a la conservaci\u00f3n y el crecimiento del patrimonio de las personas y empresas de M\u00e9xico.<\/p>\n<p><b>NUESTRA VISI\u00d3N:<\/b>\u00a0Ser una organizaci\u00f3n reconocida a nivel nacional, como primera opci\u00f3n en asesor\u00eda de seguros, fianzas y planes de inversi\u00f3n para empresas y personas; que gane la confianza y recomendaci\u00f3n de sus clientes, manteniendo un equipo de trabajo s\u00f3lido con una rentabilidad constante.<\/p>\n<p><b>NUESTRA FILOSOF\u00cdA:<\/b>\u00a0En\u00a0<strong><em>PROVENTUM\u00a0<\/em><\/strong>tenemos una filosof\u00eda de trabajo conjunto con nuestros clientes, al involucrarlos en el conocimiento de los productos de seguros y fianzas, de los derechos y obligaciones que se adquieren al contratar una p\u00f3liza y de las regulaciones aplicables.<\/p>\n<p>Con estos tres elementos dentro de la asesor\u00eda de\u00a0<strong><em>PROVENTUM\u00a0<\/em><\/strong>estamos convencidos que ayudaremos a nuestros clientes a tomar mejores decisiones que repercutir\u00e1n de manera positiva en la protecci\u00f3n de los activos personales y los de sus empresas.<\/p>\n<p><strong>NUESTRA PROPUESTA DE VALOR<\/strong><\/p>\n<p>Con el apoyo de las mejores Compa\u00f1\u00edas de Seguros y de Fianzas, trabajamos en conjunto con nuestros clientes para ayudarles a elegir los productos ideales con las condiciones de coberturas y costos que mejor se adaptan a sus necesidades.<\/p>\n<p>Nuestros Agentes son representantes de las principales Compa\u00f1\u00edas Aseguradoras y Afianzadoras del Pa\u00eds como son:<\/p>\n<table class=\"table table-striped\" style=\"height: 108px;\" width=\"100%\"><!--\n\n\n<thead>\n\n\n<tr>\n\n\n<th>---<\/th>\n\n\n\n\n<th>---<\/th>\n\n\n\n\n<th>---<\/th>\n\n\n\n\n<th>---<\/th>\n\n\n<\/tr>\n\n\n<\/thead>\n\n\n--><\/p>\n<tbody>\n<tr>\n<td>AXA<\/td>\n<td>ANA<\/td>\n<td>HDI SEGUROS<\/td>\n<td>PLAN SEGURO<\/td>\n<\/tr>\n<tr>\n<td>ZURICH<\/td>\n<td>SURA<\/td>\n<td>SOLUNION<\/td>\n<td>FIANZAS DORAMA<\/td>\n<\/tr>\n<tr>\n<td>GMX<\/td>\n<td>CHUBB<\/td>\n<td>INSIGNIA LIFE<\/td>\n<td>FIANZAS SOFIMEX<\/td>\n<\/tr>\n<tr>\n<td>AIG<\/td>\n<td>MAPFRE<\/td>\n<td>ARGOS<\/td>\n<td>FIANZAS ATLAS<\/td>\n<\/tr>\n<tr>\n<td>HIR SEGUROS<\/td>\n<td>AFIRME<\/td>\n<td>BERKLEY<\/td>\n<td>ASERTA<\/td>\n<\/tr>\n<\/tbody>\n<\/table>\n<p>Constantemente estamos capacit\u00e1ndonos y actualiz\u00e1ndonos para agregar m\u00e1s productos y socios de negocios a nuestra cartera de soluciones, entre las que se encuentran los siguientes productos:<\/p>\n<table class=\"table table-striped\" style=\"height: 231px;\" width=\"100%\">\n<thead><\/thead>\n<tbody>\n<tr>\n<td>Seguros de Vida<\/td>\n<td>Seguros Empresariales<\/td>\n<\/tr>\n<tr>\n<td>Seguros para Exportadores<\/td>\n<td>Seguro para el Hogar<\/td>\n<\/tr>\n<tr>\n<td>Seguro para Autos<\/td>\n<td>Seguro de Cr\u00e9dito<\/td>\n<\/tr>\n<tr>\n<td>Seguros de Accidentes Personales<\/td>\n<td>Seguros para Escuelas y Universidades<\/td>\n<\/tr>\n<tr>\n<td>Seguro de Aviones<\/td>\n<td>Fianzas de Fidelidad<\/td>\n<\/tr>\n<tr>\n<td>Seguros de Grupo y Colectivos<\/td>\n<td>Seguros de Viaje<\/td>\n<\/tr>\n<tr>\n<td>Seguro de Gastos M\u00e9dicos<\/td>\n<td>Fianzas Administrativas<\/td>\n<\/tr>\n<tr>\n<td>Seguros para Guarder\u00edas<\/td>\n<td>Seguro de Responsabilidad Civil<\/td>\n<\/tr>\n<tr>\n<td>Planes de Inversi\u00f3n<\/td>\n<td>Planes de ahorro para el retiro<\/td>\n<\/tr>\n<tr>\n<td>Fianzas de Cr\u00e9dito Fiscal<\/td>\n<td>Seguro para Equipo de Contratistas<\/td>\n<\/tr>\n<\/tbody>\n<\/table>\n<p>Si deseas platicar con nosotros desde cualquier parte de M\u00e9xico, podemos agendar una llamada telef\u00f3nica o una videoconferencia para explorar en conjunto las necesidades de protecci\u00f3n que tienes y la manera m\u00e1s conveniente de cubrirlas con productos de Seguros o Fianzas.<\/p>\n<p><strong>UBICACI\u00d3N<\/strong><\/p>\n<table style=\"height: 300px;\" width=\"100%\">\n<tbody>\n<tr>\n<td>Av. Juarez 1706-203, Zona Esmeralda, Puebla, Puebla. 72160<iframe loading=\"lazy\" style=\"border: 0;\" src=\"https:\/\/www.google.com\/maps\/embed?pb=!1m18!1m12!1m3!1d3771.334245028954!2d-98.2124778!3d19.0490364!2m3!1f0!2f0!3f0!3m2!1i1024!2i768!4f13.1!3m3!1m2!1s0x85cfc0d7050aaf45%3A0x92f77ca124f50108!2sAv.%20Ju%C3%A1rez%201706-203%2C%20La%20Paz%2C%2072160%20Puebla%2C%20Pue.!5e0!3m2!1ses-419!2smx!4v1689067126537!5m2!1ses-419!2smx\" width=\"100%\" height=\"300\" allowfullscreen=\"allowfullscreen\" data-mce-fragment=\"1\"><\/iframe><\/td>\n<td>Paseo de la Reforma #300 Piso 17, Ciudad de M\u00e9xico. 06600<br \/>\n<iframe loading=\"lazy\" style=\"border: 0;\" src=\"https:\/\/www.google.com\/maps\/embed?pb=!1m18!1m12!1m3!1d3762.6528677254278!2d-99.1680614241178!3d19.42739894084573!2m3!1f0!2f0!3f0!3m2!1i1024!2i768!4f13.1!3m3!1m2!1s0x85d1ff35b62c0001%3A0x477c18818e5813de!2sAv.%20P.%C2%BA%20de%20la%20Reforma%20300-p%2017%2C%20Ju%C3%A1rez%2C%20Cuauht%C3%A9moc%2C%2006600%20Ciudad%20de%20M%C3%A9xico%2C%20CDMX!5e0!3m2!1ses-419!2smx!4v1689067209098!5m2!1ses-419!2smx\" width=\"100%\" height=\"300\" allowfullscreen=\"allowfullscreen\" data-mce-fragment=\"1\"><\/iframe><\/td>\n<\/tr>\n<\/tbody>\n<\/table>\n","protected":false},"excerpt":{"rendered":"<p>Somos un Agente de Seguros y de Fianzas de capital 100% mexicano, autorizado por la Comisi\u00f3n Nacional de Seguros y Fianzas bajo la raz\u00f3n social, Proventum, Agente de Seguros y de Fianzas, S.A. de C.V. Nuestra relaci\u00f3n con el p\u00fablico en general en cuanto a la intermediaci\u00f3n de productos de Seguros y de Fianzas se [&hellip;]<\/p>\n","protected":false},"author":1,"featured_media":0,"parent":0,"menu_order":0,"comment_status":"closed","ping_status":"closed","template":"page-no-sidebar.php","meta":{"_acf_changed":false,"footnotes":""},"class_list":["post-11","page","type-page","status-publish","hentry"],"acf":[],"yoast_head":"<!-- This site is optimized with the Yoast SEO plugin v27.4 - https:\/\/yoast.com\/product\/yoast-seo-wordpress\/ -->\n<title>\u00bfQui\u00e9nes Somos? - segurodeaviones.mx<\/title>\n<meta name=\"robots\" content=\"index, follow, max-snippet:-1, max-image-preview:large, max-video-preview:-1\" \/>\n<link rel=\"canonical\" href=\"https:\/\/segurodeaviones.mx\/seguros-de-aviacion\/quienes-somos\/\" \/>\n<meta property=\"og:locale\" content=\"es_MX\" \/>\n<meta property=\"og:type\" content=\"article\" \/>\n<meta property=\"og:title\" content=\"\u00bfQui\u00e9nes Somos? - segurodeaviones.mx\" \/>\n<meta property=\"og:description\" content=\"Somos un Agente de Seguros y de Fianzas de capital 100% mexicano, autorizado por la Comisi\u00f3n Nacional de Seguros y Fianzas bajo la raz\u00f3n social, Proventum, Agente de Seguros y de Fianzas, S.A. de C.V. Nuestra relaci\u00f3n con el p\u00fablico en general en cuanto a la intermediaci\u00f3n de productos de Seguros y de Fianzas se [&hellip;]\" \/>\n<meta property=\"og:url\" content=\"https:\/\/segurodeaviones.mx\/seguros-de-aviacion\/quienes-somos\/\" \/>\n<meta property=\"og:site_name\" content=\"segurodeaviones.mx\" \/>\n<meta property=\"article:modified_time\" content=\"2023-07-19T06:50:11+00:00\" \/>\n<meta name=\"twitter:card\" content=\"summary_large_image\" \/>\n<meta name=\"twitter:label1\" content=\"Tiempo de lectura\" \/>\n\t<meta name=\"twitter:data1\" content=\"3 minutos\" \/>\n<script type=\"application\/ld+json\" class=\"yoast-schema-graph\">{\"@context\":\"https:\\\/\\\/schema.org\",\"@graph\":[{\"@type\":\"WebPage\",\"@id\":\"https:\\\/\\\/segurodeaviones.mx\\\/seguros-de-aviacion\\\/quienes-somos\\\/\",\"url\":\"https:\\\/\\\/segurodeaviones.mx\\\/seguros-de-aviacion\\\/quienes-somos\\\/\",\"name\":\"\u00bfQui\u00e9nes Somos? - segurodeaviones.mx\",\"isPartOf\":{\"@id\":\"https:\\\/\\\/segurodeaviones.mx\\\/seguros-de-aviacion\\\/#website\"},\"datePublished\":\"2022-07-14T05:29:39+00:00\",\"dateModified\":\"2023-07-19T06:50:11+00:00\",\"breadcrumb\":{\"@id\":\"https:\\\/\\\/segurodeaviones.mx\\\/seguros-de-aviacion\\\/quienes-somos\\\/#breadcrumb\"},\"inLanguage\":\"es\",\"potentialAction\":[{\"@type\":\"ReadAction\",\"target\":[\"https:\\\/\\\/segurodeaviones.mx\\\/seguros-de-aviacion\\\/quienes-somos\\\/\"]}]},{\"@type\":\"BreadcrumbList\",\"@id\":\"https:\\\/\\\/segurodeaviones.mx\\\/seguros-de-aviacion\\\/quienes-somos\\\/#breadcrumb\",\"itemListElement\":[{\"@type\":\"ListItem\",\"position\":1,\"name\":\"Inicio\",\"item\":\"https:\\\/\\\/segurodeaviones.mx\\\/seguros-de-aviacion\\\/\"},{\"@type\":\"ListItem\",\"position\":2,\"name\":\"\u00bfQui\u00e9nes Somos?\"}]},{\"@type\":\"WebSite\",\"@id\":\"https:\\\/\\\/segurodeaviones.mx\\\/seguros-de-aviacion\\\/#website\",\"url\":\"https:\\\/\\\/segurodeaviones.mx\\\/seguros-de-aviacion\\\/\",\"name\":\"segurodeaviones.mx\",\"description\":\"\",\"potentialAction\":[{\"@type\":\"SearchAction\",\"target\":{\"@type\":\"EntryPoint\",\"urlTemplate\":\"https:\\\/\\\/segurodeaviones.mx\\\/seguros-de-aviacion\\\/?s={search_term_string}\"},\"query-input\":{\"@type\":\"PropertyValueSpecification\",\"valueRequired\":true,\"valueName\":\"search_term_string\"}}],\"inLanguage\":\"es\"}]}<\/script>\n<!-- \/ Yoast SEO plugin. -->","yoast_head_json":{"title":"\u00bfQui\u00e9nes Somos? - segurodeaviones.mx","robots":{"index":"index","follow":"follow","max-snippet":"max-snippet:-1","max-image-preview":"max-image-preview:large","max-video-preview":"max-video-preview:-1"},"canonical":"https:\/\/segurodeaviones.mx\/seguros-de-aviacion\/quienes-somos\/","og_locale":"es_MX","og_type":"article","og_title":"\u00bfQui\u00e9nes Somos? - segurodeaviones.mx","og_description":"Somos un Agente de Seguros y de Fianzas de capital 100% mexicano, autorizado por la Comisi\u00f3n Nacional de Seguros y Fianzas bajo la raz\u00f3n social, Proventum, Agente de Seguros y de Fianzas, S.A. de C.V. Nuestra relaci\u00f3n con el p\u00fablico en general en cuanto a la intermediaci\u00f3n de productos de Seguros y de Fianzas se [&hellip;]","og_url":"https:\/\/segurodeaviones.mx\/seguros-de-aviacion\/quienes-somos\/","og_site_name":"segurodeaviones.mx","article_modified_time":"2023-07-19T06:50:11+00:00","twitter_card":"summary_large_image","twitter_misc":{"Tiempo de lectura":"3 minutos"},"schema":{"@context":"https:\/\/schema.org","@graph":[{"@type":"WebPage","@id":"https:\/\/segurodeaviones.mx\/seguros-de-aviacion\/quienes-somos\/","url":"https:\/\/segurodeaviones.mx\/seguros-de-aviacion\/quienes-somos\/","name":"\u00bfQui\u00e9nes Somos? - segurodeaviones.mx","isPartOf":{"@id":"https:\/\/segurodeaviones.mx\/seguros-de-aviacion\/#website"},"datePublished":"2022-07-14T05:29:39+00:00","dateModified":"2023-07-19T06:50:11+00:00","breadcrumb":{"@id":"https:\/\/segurodeaviones.mx\/seguros-de-aviacion\/quienes-somos\/#breadcrumb"},"inLanguage":"es","potentialAction":[{"@type":"ReadAction","target":["https:\/\/segurodeaviones.mx\/seguros-de-aviacion\/quienes-somos\/"]}]},{"@type":"BreadcrumbList","@id":"https:\/\/segurodeaviones.mx\/seguros-de-aviacion\/quienes-somos\/#breadcrumb","itemListElement":[{"@type":"ListItem","position":1,"name":"Inicio","item":"https:\/\/segurodeaviones.mx\/seguros-de-aviacion\/"},{"@type":"ListItem","position":2,"name":"\u00bfQui\u00e9nes Somos?"}]},{"@type":"WebSite","@id":"https:\/\/segurodeaviones.mx\/seguros-de-aviacion\/#website","url":"https:\/\/segurodeaviones.mx\/seguros-de-aviacion\/","name":"segurodeaviones.mx","description":"","potentialAction":[{"@type":"SearchAction","target":{"@type":"EntryPoint","urlTemplate":"https:\/\/segurodeaviones.mx\/seguros-de-aviacion\/?s={search_term_string}"},"query-input":{"@type":"PropertyValueSpecification","valueRequired":true,"valueName":"search_term_string"}}],"inLanguage":"es"}]}},"_links":{"self":[{"href":"https:\/\/segurodeaviones.mx\/seguros-de-aviacion\/wp-json\/wp\/v2\/pages\/11","targetHints":{"allow":["GET"]}}],"collection":[{"href":"https:\/\/segurodeaviones.mx\/seguros-de-aviacion\/wp-json\/wp\/v2\/pages"}],"about":[{"href":"https:\/\/segurodeaviones.mx\/seguros-de-aviacion\/wp-json\/wp\/v2\/types\/page"}],"author":[{"embeddable":true,"href":"https:\/\/segurodeaviones.mx\/seguros-de-aviacion\/wp-json\/wp\/v2\/users\/1"}],"replies":[{"embeddable":true,"href":"https:\/\/segurodeaviones.mx\/seguros-de-aviacion\/wp-json\/wp\/v2\/comments?post=11"}],"version-history":[{"count":1,"href":"https:\/\/segurodeaviones.mx\/seguros-de-aviacion\/wp-json\/wp\/v2\/pages\/11\/revisions"}],"predecessor-version":[{"id":137,"href":"https:\/\/segurodeaviones.mx\/seguros-de-aviacion\/wp-json\/wp\/v2\/pages\/11\/revisions\/137"}],"wp:attachment":[{"href":"https:\/\/segurodeaviones.mx\/seguros-de-aviacion\/wp-json\/wp\/v2\/media?parent=11"}],"curies":[{"name":"wp","href":"https:\/\/api.w.org\/{rel}","templated":true}]}}